{"id":5086,"date":"2019-07-11T10:05:56","date_gmt":"2019-07-11T08:05:56","guid":{"rendered":"https:\/\/aristoncavi.com\/i-nostri-laboratori"},"modified":"2023-05-25T10:39:32","modified_gmt":"2023-05-25T08:39:32","slug":"nuestros-laboratorios","status":"publish","type":"page","link":"https:\/\/www.aristoncavi.com\/es\/nuestros-laboratorios","title":{"rendered":"Nuestros Laboratorios"},"content":{"rendered":"<p>Nuestro departamento de Investigaci\u00f3n y Desarrollo es un centro importante para desarrollar productos y garantizar su \u00e9xito.<br \/>\nDisponemos de un laboratorio de calidad equipado con los \u00faltimos instrumentos de an\u00e1lisis.<\/p>\n<p><strong>Nuestros valores adicionales son:<\/strong><\/p>\n<ul style=\"font-size: .9rem;\">\n<li>Estrecha colaboraci\u00f3n con nuestros socios\/clientes: formaci\u00f3n t\u00e9cnica y estudios de soluciones.<\/li>\n<li>Presencia de nuestro personal sobre el terreno donde se utilizan los cables.<\/li>\n<li>Desarrollo de soluciones innovadoras y personalizadas<\/li>\n<li>Estrecha colaboraci\u00f3n con las principales universidades italianas y laboratorios reconocidos internacionalmente.<\/li>\n<\/ul>\n","protected":false},"excerpt":{"rendered":"<p>Nuestro departamento de Investigaci\u00f3n y Desarrollo es un centro importante para desarrollar productos y garantizar su \u00e9xito. Disponemos de un laboratorio de calidad equipado con los \u00faltimos instrumentos de an\u00e1lisis. Nuestros valores adicionales son: Estrecha colaboraci\u00f3n con nuestros socios\/clientes: formaci\u00f3n t\u00e9cnica y estudios de soluciones. Presencia de nuestro personal sobre el terreno donde se utilizan [&hellip;]<\/p>\n","protected":false},"author":1,"featured_media":0,"parent":0,"menu_order":0,"comment_status":"closed","ping_status":"closed","template":"page-our-laboratories.php","meta":[],"yst_prominent_words":[559,545],"acf":[],"_links":{"self":[{"href":"https:\/\/www.aristoncavi.com\/es\/wp-json\/wp\/v2\/pages\/5086"}],"collection":[{"href":"https:\/\/www.aristoncavi.com\/es\/wp-json\/wp\/v2\/pages"}],"about":[{"href":"https:\/\/www.aristoncavi.com\/es\/wp-json\/wp\/v2\/types\/page"}],"author":[{"embeddable":true,"href":"https:\/\/www.aristoncavi.com\/es\/wp-json\/wp\/v2\/users\/1"}],"replies":[{"embeddable":true,"href":"https:\/\/www.aristoncavi.com\/es\/wp-json\/wp\/v2\/comments?post=5086"}],"version-history":[{"count":4,"href":"https:\/\/www.aristoncavi.com\/es\/wp-json\/wp\/v2\/pages\/5086\/revisions"}],"predecessor-version":[{"id":5380,"href":"https:\/\/www.aristoncavi.com\/es\/wp-json\/wp\/v2\/pages\/5086\/revisions\/5380"}],"wp:attachment":[{"href":"https:\/\/www.aristoncavi.com\/es\/wp-json\/wp\/v2\/media?parent=5086"}],"wp:term":[{"taxonomy":"yst_prominent_words","embeddable":true,"href":"https:\/\/www.aristoncavi.com\/es\/wp-json\/wp\/v2\/yst_prominent_words?post=5086"}],"curies":[{"name":"wp","href":"https:\/\/api.w.org\/{rel}","templated":true}]}}