{"id":5173,"date":"2019-07-11T10:07:23","date_gmt":"2019-07-11T08:07:23","guid":{"rendered":"https:\/\/aristoncavi.com\/la-nostra-forza"},"modified":"2023-05-24T16:45:05","modified_gmt":"2023-05-24T14:45:05","slug":"la-nostra-forza","status":"publish","type":"page","link":"https:\/\/www.aristoncavi.com\/es\/la-nostra-forza","title":{"rendered":"Nuestra Fuerza"},"content":{"rendered":"<p>Las soluciones de Aristoncavi est\u00e1n orientadas a resolver los problemas de sus clientes, incluidas sus necesidades de aumentar la productividad, incrementar la vida \u00fatil de sus equipos, resolver problemas t\u00e9cnicos durante la aplicaci\u00f3n y mejorar las condiciones de seguridad de sus empleados.<br \/>\nAlgunas de las principales innovaciones desarrolladas y comercializadas por ARISTONCAVI son:<\/p>\n<ul>\n<li>amplia gama de productos para cubrir diversas aplicaciones;<\/li>\n<li>estrecha colaboraci\u00f3n con el cliente para encontrar el producto justo para sus necesidades;<\/li>\n<li>alta personalizaci\u00f3n de los productos;<\/li>\n<li>un laboratorio capaz de desarrollar nuevas mezclas y una oficina t\u00e9cnica capaz de crear nuevas soluciones de dise\u00f1o.<\/li>\n<\/ul>\n","protected":false},"excerpt":{"rendered":"<p>Las soluciones de Aristoncavi est\u00e1n orientadas a resolver los problemas de sus clientes, incluidas sus necesidades de aumentar la productividad, incrementar la vida \u00fatil de sus equipos, resolver problemas t\u00e9cnicos durante la aplicaci\u00f3n y mejorar las condiciones de seguridad de sus empleados. Algunas de las principales innovaciones desarrolladas y comercializadas por ARISTONCAVI son: amplia gama [&hellip;]<\/p>\n","protected":false},"author":1,"featured_media":0,"parent":0,"menu_order":0,"comment_status":"closed","ping_status":"closed","template":"","meta":[],"yst_prominent_words":[480,441],"acf":[],"_links":{"self":[{"href":"https:\/\/www.aristoncavi.com\/es\/wp-json\/wp\/v2\/pages\/5173"}],"collection":[{"href":"https:\/\/www.aristoncavi.com\/es\/wp-json\/wp\/v2\/pages"}],"about":[{"href":"https:\/\/www.aristoncavi.com\/es\/wp-json\/wp\/v2\/types\/page"}],"author":[{"embeddable":true,"href":"https:\/\/www.aristoncavi.com\/es\/wp-json\/wp\/v2\/users\/1"}],"replies":[{"embeddable":true,"href":"https:\/\/www.aristoncavi.com\/es\/wp-json\/wp\/v2\/comments?post=5173"}],"version-history":[{"count":1,"href":"https:\/\/www.aristoncavi.com\/es\/wp-json\/wp\/v2\/pages\/5173\/revisions"}],"predecessor-version":[{"id":5174,"href":"https:\/\/www.aristoncavi.com\/es\/wp-json\/wp\/v2\/pages\/5173\/revisions\/5174"}],"wp:attachment":[{"href":"https:\/\/www.aristoncavi.com\/es\/wp-json\/wp\/v2\/media?parent=5173"}],"wp:term":[{"taxonomy":"yst_prominent_words","embeddable":true,"href":"https:\/\/www.aristoncavi.com\/es\/wp-json\/wp\/v2\/yst_prominent_words?post=5173"}],"curies":[{"name":"wp","href":"https:\/\/api.w.org\/{rel}","templated":true}]}}