{"id":6143,"date":"2026-01-21T16:19:55","date_gmt":"2026-01-21T15:19:55","guid":{"rendered":"https:\/\/www.aristoncavi.com\/?page_id=6143"},"modified":"2026-01-22T09:15:18","modified_gmt":"2026-01-22T08:15:18","slug":"export-control","status":"publish","type":"page","link":"https:\/\/www.aristoncavi.com\/es\/export-control","title":{"rendered":"Export control"},"content":{"rendered":"<p>El Comprador se compromete a no vender, exportar, reexportar ni transferir, directa o indirectamente, a territorios y\/o personas sujetas a sanciones en virtud de los Reglamentos de la UE aplicables y de la dem\u00e1s legislaci\u00f3n aplicable, ninguno de los bienes suministrados por Aristoncavi S.p.A. que entren dentro del \u00e1mbito de los bienes cuya exportaci\u00f3n a dichas personas y\/o territorios est\u00e9 prohibida.<\/p>\n<p>El Comprador se compromete a garantizar que los terceros de la cadena de distribuci\u00f3n comercial, incluidos, entre otros, revendedores, contratistas, subcontratistas u otras contrapartes, no incumplan la obligaci\u00f3n anterior.<\/p>\n<p>El Comprador se compromete a establecer y mantener un mecanismo interno de control adecuado para detectar cualquier conducta de terceros en la cadena comercial que pueda constituir un incumplimiento de la obligaci\u00f3n anterior.<\/p>\n<p>El Comprador se compromete a notificar sin demora a Aristoncavi S.p.A., por escrito, cualquier hecho, solicitud, intento o sospecha que pueda indicar un riesgo de incumplimiento de la obligaci\u00f3n anterior.<\/p>\n","protected":false},"excerpt":{"rendered":"<p>El Comprador se compromete a no vender, exportar, reexportar ni transferir, directa o indirectamente, a territorios y\/o personas sujetas a sanciones en virtud de los Reglamentos de la UE aplicables y de la dem\u00e1s legislaci\u00f3n aplicable, ninguno de los bienes suministrados por Aristoncavi S.p.A. que entren dentro del \u00e1mbito de los bienes cuya exportaci\u00f3n a [&hellip;]<\/p>\n","protected":false},"author":1,"featured_media":6130,"parent":0,"menu_order":0,"comment_status":"closed","ping_status":"closed","template":"page-export-control.php","meta":[],"yst_prominent_words":[473],"acf":[],"_links":{"self":[{"href":"https:\/\/www.aristoncavi.com\/es\/wp-json\/wp\/v2\/pages\/6143"}],"collection":[{"href":"https:\/\/www.aristoncavi.com\/es\/wp-json\/wp\/v2\/pages"}],"about":[{"href":"https:\/\/www.aristoncavi.com\/es\/wp-json\/wp\/v2\/types\/page"}],"author":[{"embeddable":true,"href":"https:\/\/www.aristoncavi.com\/es\/wp-json\/wp\/v2\/users\/1"}],"replies":[{"embeddable":true,"href":"https:\/\/www.aristoncavi.com\/es\/wp-json\/wp\/v2\/comments?post=6143"}],"version-history":[{"count":3,"href":"https:\/\/www.aristoncavi.com\/es\/wp-json\/wp\/v2\/pages\/6143\/revisions"}],"predecessor-version":[{"id":6151,"href":"https:\/\/www.aristoncavi.com\/es\/wp-json\/wp\/v2\/pages\/6143\/revisions\/6151"}],"wp:featuredmedia":[{"embeddable":true,"href":"https:\/\/www.aristoncavi.com\/es\/wp-json\/wp\/v2\/media\/6130"}],"wp:attachment":[{"href":"https:\/\/www.aristoncavi.com\/es\/wp-json\/wp\/v2\/media?parent=6143"}],"wp:term":[{"taxonomy":"yst_prominent_words","embeddable":true,"href":"https:\/\/www.aristoncavi.com\/es\/wp-json\/wp\/v2\/yst_prominent_words?post=6143"}],"curies":[{"name":"wp","href":"https:\/\/api.w.org\/{rel}","templated":true}]}}