{"id":3547,"date":"2019-07-11T10:05:56","date_gmt":"2019-07-11T08:05:56","guid":{"rendered":"https:\/\/www.aristoncavi.com\/?page_id=3547"},"modified":"2020-03-12T12:53:15","modified_gmt":"2020-03-12T11:53:15","slug":"i-nostri-laboratori","status":"publish","type":"page","link":"https:\/\/www.aristoncavi.com\/it\/i-nostri-laboratori","title":{"rendered":"I nostri laboratori"},"content":{"rendered":"<p>Il nostro dipartimento Ricerca e Sviluppo \u00e8 un importante polo di sviluppo dei prodotti e di garanzia del loro successo.<br \/>\nAbbiamo un laboratorio di qualit\u00e0 dotato dei pi\u00f9 recenti strumenti di analisi.<\/p>\n<div style=\"margin-top: 30px;\"><strong>I nostri valori aggiunti sono: <\/strong><\/div>\n<ul style=\"font-size: .9rem;\">\n<li>Stretta collaborazione con i nostri partner \/ clienti: formazione tecnica e studio di soluzioni.<\/li>\n<li>Presenza del nostro personale sul campo in cui vengono utilizzati i cavi.<\/li>\n<li>Studio di soluzioni innovative e personalizzate<\/li>\n<li>Stretta collaborazione con le pi\u00f9 importanti universit\u00e0 italiane e con i pi\u00f9 prestigiosi laboratori riconosciuti a livello internazionale.<\/li>\n<\/ul>\n","protected":false},"excerpt":{"rendered":"<p>Il nostro dipartimento Ricerca e Sviluppo \u00e8 un importante polo di sviluppo dei prodotti e di garanzia del loro successo. Abbiamo un laboratorio di qualit\u00e0 dotato dei pi\u00f9 recenti strumenti di analisi. I nostri valori aggiunti sono: Stretta collaborazione con i nostri partner \/ clienti: formazione tecnica e studio di soluzioni. Presenza del nostro personale [&hellip;]<\/p>\n","protected":false},"author":1,"featured_media":0,"parent":0,"menu_order":0,"comment_status":"closed","ping_status":"closed","template":"page-our-laboratories.php","meta":[],"yst_prominent_words":[561,557,559,448,440,492,553,549,550,558,544,560,556,555,554,552,551,548,545],"acf":[],"_links":{"self":[{"href":"https:\/\/www.aristoncavi.com\/it\/wp-json\/wp\/v2\/pages\/3547"}],"collection":[{"href":"https:\/\/www.aristoncavi.com\/it\/wp-json\/wp\/v2\/pages"}],"about":[{"href":"https:\/\/www.aristoncavi.com\/it\/wp-json\/wp\/v2\/types\/page"}],"author":[{"embeddable":true,"href":"https:\/\/www.aristoncavi.com\/it\/wp-json\/wp\/v2\/users\/1"}],"replies":[{"embeddable":true,"href":"https:\/\/www.aristoncavi.com\/it\/wp-json\/wp\/v2\/comments?post=3547"}],"version-history":[{"count":3,"href":"https:\/\/www.aristoncavi.com\/it\/wp-json\/wp\/v2\/pages\/3547\/revisions"}],"predecessor-version":[{"id":4209,"href":"https:\/\/www.aristoncavi.com\/it\/wp-json\/wp\/v2\/pages\/3547\/revisions\/4209"}],"wp:attachment":[{"href":"https:\/\/www.aristoncavi.com\/it\/wp-json\/wp\/v2\/media?parent=3547"}],"wp:term":[{"taxonomy":"yst_prominent_words","embeddable":true,"href":"https:\/\/www.aristoncavi.com\/it\/wp-json\/wp\/v2\/yst_prominent_words?post=3547"}],"curies":[{"name":"wp","href":"https:\/\/api.w.org\/{rel}","templated":true}]}}